{"id":8,"date":"2023-05-11T12:44:53","date_gmt":"2023-05-11T10:44:53","guid":{"rendered":"http:\/\/192.168.0.129\/wordpress\/?page_id=8"},"modified":"2023-05-11T16:54:21","modified_gmt":"2023-05-11T14:54:21","slug":"a-propos-de","status":"publish","type":"page","link":"https:\/\/fra1od.freeboxos.fr\/wordpress\/index.php\/a-propos-de\/","title":{"rendered":"F4IYT"},"content":{"rendered":"\n<p>Comme beaucoup, j\u2019ai d\u00e9marr\u00e9 par la Citizen Band 22cnx FM puis 40cnx puis plus en 1986. J\u2019avais am\u00e9nag\u00e9, le grenier de mes parents en laboratoire, j\u2019y r\u00e9parais d\u00e8s me 15ans les Tv NB et puis les couleurs. J\u2019ai fait mon 1er montage, un \u00e9metteur FM avec le BF199 sch\u00e9ma tir\u00e9 du magazine Haut Parleur. Ma 1er antenne f\u00fbt un dip\u00f4le 1\/2 onde OM 11m, puis une cubiqual quad sur le toit de mes parents, ma m\u00e8re ne donnait jamais l\u2019adresse exacte, mais expliquait vous allez voir, c\u2019est la maison avec un moulin sur le toit MDR.<\/p>\n\n\n\n<figure class=\"wp-block-table\"><table><tbody><tr><td>J\u2019ai eu la chance d\u2019avoir un mentor qui n\u2019est plus, mais partageait beaucoup, cela se nomme avoir l\u2019esprit OM, F1ALT (Jean) par qui j\u2019ai appris beaucoup \u00e0 mes d\u00e9buts de la radio, sur les tubes, les antennes, avant d\u2019avoir un indicatif Kaki dans les ann\u00e9es 1990. Mon 1er r\u00e9cepteur d\u00e9cam\u00e9trique, le RR20 r\u00e9cepteur \u00e0 lampe, il \u00e9quipait l\u2019avion le nord Atlas (1959), et par la suite j\u2019ai acquis le r\u00e9cepteur ER504 Jupiter de la gendarmerie.<\/td><td><img data-recalc-dims=\"1\" decoding=\"async\" src=\"https:\/\/i0.wp.com\/fra1od.freeboxos.fr\/f4iyt\/images\/f4iyt\/IMG_20200130_175705.jpg?w=1200\" alt=\"RR20\"><\/td><td><img data-recalc-dims=\"1\" decoding=\"async\" src=\"https:\/\/i0.wp.com\/fra1od.freeboxos.fr\/f4iyt\/images\/f4iyt\/IMG_20200131_143731.jpg?w=1200\" alt=\"ER504\" style=\"width: 2400px;\"><\/td><\/tr><\/tbody><\/table><\/figure>\n\n\n\n<figure class=\"wp-block-table\"><table><tbody><tr><td>Puis en 1992 le Packet radio avec BAYCOM et FBB sous MSDOS 3.20 et aussi de la SSTV ou jvfax avec la cr\u00e9ation d\u2019interface radio \u00e0 base de LM741 avec DB25 et PC XT 4,77Mhz et disquettes 5 1\/4<\/td><td><img data-recalc-dims=\"1\" decoding=\"async\" src=\"https:\/\/i0.wp.com\/fra1od.freeboxos.fr\/f4iyt\/images\/f4iyt\/modem-baycom.jpg?w=1200\" alt=\"BayCom\"><\/td><td><img data-recalc-dims=\"1\" decoding=\"async\" src=\"https:\/\/i0.wp.com\/fra1od.freeboxos.fr\/f4iyt\/images\/f4iyt\/FRA1OC-0008.jpg?w=1200\" alt=\"BBS\"><\/td><\/tr><\/tbody><\/table><\/figure>\n\n\n\n<p>Puis en 1996 sous la SFOR activation HF sous indicatif militaire avec mon 1er Tx\/Rx d\u00e9ca le Yaesu FT707 et antenne dip\u00f4le 1\/2 onde OM, phonie, et multimode avec mon IBM ThinkPad 365 sous windows 95 , les QSL partait comme des petits pains sous plie du service vaguemestre.<\/p>\n\n\n\n<div class=\"wp-block-columns is-layout-flex wp-container-core-columns-is-layout-9d6595d7 wp-block-columns-is-layout-flex\">\n<div class=\"wp-block-column is-layout-flow wp-block-column-is-layout-flow\" style=\"flex-basis:100%\">\n<figure class=\"wp-block-table\"><table><tbody><tr><td><img data-recalc-dims=\"1\" decoding=\"async\" src=\"https:\/\/i0.wp.com\/fra1od.freeboxos.fr\/f4iyt\/images\/f4iyt\/Kaki.jpg?w=1200\" alt=\"kaki\" style=\"width: 640px;\"><\/td><td><img data-recalc-dims=\"1\" decoding=\"async\" src=\"https:\/\/i0.wp.com\/fra1od.freeboxos.fr\/f4iyt\/images\/f4iyt\/militaire1.jpg?w=1200\" alt=\"BBS\" style=\"width: 640px;\"><\/td><\/tr><\/tbody><\/table><\/figure>\n<\/div>\n<\/div>\n\n\n\n<p>Apr\u00e8s mon service actif, je me suis orient\u00e9 sur mes premiers amours la cybers\u00e9curit\u00e9, et j\u2019ai banni Windows, donc je ne fonctionne qu\u2019avec du GNU GPL donc du LINUX avec la famille Debian\/Ubuntu.<\/p>\n\n\n\n<p>Plusieurs projets ont vu le jour des alimentations labo, des testeurs de composants, des r\u00e9parations de CB des copains, modification de radiocom2000 &#8230;<\/p>\n\n\n\n<p>Puis avec la miniaturisation les Raspberry, les arduino sont arriv\u00e9s, d\u2019autre projet ont vu le jour.<\/p>\n\n\n\n<p>Je d\u00e9veloppe sous C et Python depuis mon service actif, d\u00e9veloppe \u00e0 temps perdu mes solutions de protection.<\/p>\n\n\n\n<figure class=\"wp-block-table\"><table><tbody><tr><td>Un projet qui me tient \u00e0 c\u0153ur sur syst\u00e8me embarqu\u00e9 bas\u00e9 sur esp32 avec le module LORA pour de la r\u00e9ception de radio sonde, dev OM inspir\u00e9 par le projet de DL9RDZ, je l&rsquo;ai nomm\u00e9 \u00ab&nbsp;RadioSonde&nbsp;\u00bb il me permet d\u2019avoir mes outils portables de localisation des radios sonde. <input type=\"button\" value=\"Voir Mon Projet RadioSonde\" onclick=\"javascript:window.open('http:\/\/in4matik.port0.org:3000\/magnum88\/RadioSonde','_blanc');\"><\/td><td><img data-recalc-dims=\"1\" decoding=\"async\" src=\"https:\/\/i0.wp.com\/fra1od.freeboxos.fr\/f4iyt\/images\/f4iyt\/IMG_20200817_094034.jpg?w=1200\" alt=\"ttgo\"><\/td><td><img data-recalc-dims=\"1\" decoding=\"async\" src=\"https:\/\/i0.wp.com\/fra1od.freeboxos.fr\/f4iyt\/images\/f4iyt\/IMG_20200726_224433.jpg?w=1200\" alt=\"ttgo2\"><\/td><\/tr><\/tbody><\/table><\/figure>\n\n\n\n<p><strong>Xavier DEBERT<br>F4IYT<\/strong><\/p>\n","protected":false},"excerpt":{"rendered":"<p>Comme beaucoup, j\u2019ai d\u00e9marr\u00e9 par la Citizen Band 22cnx FM puis 40cnx puis plus en 1986. J\u2019avais am\u00e9nag\u00e9, le grenier de mes parents en laboratoire, j\u2019y r\u00e9parais d\u00e8s me 15ans les Tv NB et puis les couleurs. J\u2019ai fait mon 1er montage, un \u00e9metteur FM avec le BF199 sch\u00e9ma tir\u00e9 du magazine Haut Parleur. Ma &#8230; <a title=\"F4IYT\" class=\"read-more\" href=\"https:\/\/fra1od.freeboxos.fr\/wordpress\/index.php\/a-propos-de\/\" aria-label=\"En savoir plus sur F4IYT\">Lire la suite<\/a><\/p>\n","protected":false},"author":1,"featured_media":0,"parent":0,"menu_order":0,"comment_status":"closed","ping_status":"closed","template":"","meta":{"footnotes":""},"class_list":["post-8","page","type-page","status-publish"],"jetpack_sharing_enabled":true,"_links":{"self":[{"href":"https:\/\/fra1od.freeboxos.fr\/wordpress\/index.php\/wp-json\/wp\/v2\/pages\/8","targetHints":{"allow":["GET"]}}],"collection":[{"href":"https:\/\/fra1od.freeboxos.fr\/wordpress\/index.php\/wp-json\/wp\/v2\/pages"}],"about":[{"href":"https:\/\/fra1od.freeboxos.fr\/wordpress\/index.php\/wp-json\/wp\/v2\/types\/page"}],"author":[{"embeddable":true,"href":"https:\/\/fra1od.freeboxos.fr\/wordpress\/index.php\/wp-json\/wp\/v2\/users\/1"}],"replies":[{"embeddable":true,"href":"https:\/\/fra1od.freeboxos.fr\/wordpress\/index.php\/wp-json\/wp\/v2\/comments?post=8"}],"version-history":[{"count":5,"href":"https:\/\/fra1od.freeboxos.fr\/wordpress\/index.php\/wp-json\/wp\/v2\/pages\/8\/revisions"}],"predecessor-version":[{"id":259,"href":"https:\/\/fra1od.freeboxos.fr\/wordpress\/index.php\/wp-json\/wp\/v2\/pages\/8\/revisions\/259"}],"wp:attachment":[{"href":"https:\/\/fra1od.freeboxos.fr\/wordpress\/index.php\/wp-json\/wp\/v2\/media?parent=8"}],"curies":[{"name":"wp","href":"https:\/\/api.w.org\/{rel}","templated":true}]}}